{"id":54,"date":"2022-10-11T11:16:28","date_gmt":"2022-10-11T03:16:28","guid":{"rendered":"https:\/\/www.minejxsc.com\/?page_id=54"},"modified":"2022-12-20T19:16:53","modified_gmt":"2022-12-20T11:16:53","slug":"projects","status":"publish","type":"page","link":"https:\/\/www.minejxsc.com\/fr\/projects\/","title":{"rendered":"Projets"},"content":{"rendered":"\t\t<div data-elementor-type=\"wp-page\" data-elementor-id=\"54\" class=\"elementor elementor-54\" data-elementor-settings=\"{&quot;ha_cmc_init_switcher&quot;:&quot;no&quot;}\" data-elementor-post-type=\"page\">\n\t\t\t\t\t\t<section class=\"elementor-section elementor-top-section elementor-element elementor-element-669d456 elementor-section-height-min-height elementor-section-boxed elementor-section-height-default elementor-section-items-middle\" data-id=\"669d456\" data-element_type=\"section\" data-e-type=\"section\" id=\"UP\" data-settings=\"{&quot;background_background&quot;:&quot;classic&quot;,&quot;_ha_eqh_enable&quot;:false}\">\n\t\t\t\t\t\t\t<div class=\"elementor-background-overlay\"><\/div>\n\t\t\t\t\t\t\t<div class=\"elementor-container elementor-column-gap-default\">\n\t\t\t\t\t<div class=\"elementor-column elementor-col-100 elementor-top-column elementor-element elementor-element-1e2d01f\" data-id=\"1e2d01f\" data-element_type=\"column\" data-e-type=\"column\">\n\t\t\t<div class=\"elementor-widget-wrap elementor-element-populated\">\n\t\t\t\t\t\t<div class=\"elementor-element elementor-element-5e054a4 elementor-widget elementor-widget-heading\" data-id=\"5e054a4\" data-element_type=\"widget\" data-e-type=\"widget\" data-widget_type=\"heading.default\">\n\t\t\t\t<div class=\"elementor-widget-container\">\n\t\t\t\t\t<h2 class=\"elementor-heading-title elementor-size-default\">Projects<\/h2>\t\t\t\t<\/div>\n\t\t\t\t<\/div>\n\t\t\t\t<div class=\"elementor-element elementor-element-8e6bed9 elementor-widget elementor-widget-spacer\" data-id=\"8e6bed9\" data-element_type=\"widget\" data-e-type=\"widget\" data-widget_type=\"spacer.default\">\n\t\t\t\t<div class=\"elementor-widget-container\">\n\t\t\t\t\t\t\t<div class=\"elementor-spacer\">\n\t\t\t<div class=\"elementor-spacer-inner\"><\/div>\n\t\t<\/div>\n\t\t\t\t\t\t<\/div>\n\t\t\t\t<\/div>\n\t\t\t\t<div class=\"elementor-element elementor-element-1981b79 elementor-widget elementor-widget-text-editor\" data-id=\"1981b79\" data-element_type=\"widget\" data-e-type=\"widget\" data-widget_type=\"text-editor.default\">\n\t\t\t\t<div class=\"elementor-widget-container\">\n\t\t\t\t\t\t\t\t\tSee how we can make a difference in your mining operation by browsing our past global projects below. Use our innovative search filter to find equipment for specific mining applications.\t\t\t\t\t\t\t\t<\/div>\n\t\t\t\t<\/div>\n\t\t\t\t\t<\/div>\n\t\t<\/div>\n\t\t\t\t\t<\/div>\n\t\t<\/section>\n\t\t\t\t<section class=\"elementor-section elementor-top-section elementor-element elementor-element-52154d3 elementor-section-full_width elementor-section-height-default elementor-section-height-default\" data-id=\"52154d3\" data-element_type=\"section\" data-e-type=\"section\" data-settings=\"{&quot;_ha_eqh_enable&quot;:false}\">\n\t\t\t\t\t\t<div class=\"elementor-container elementor-column-gap-default\">\n\t\t\t\t\t<div class=\"elementor-column elementor-col-100 elementor-top-column elementor-element elementor-element-302eb3a\" data-id=\"302eb3a\" data-element_type=\"column\" data-e-type=\"column\">\n\t\t\t<div class=\"elementor-widget-wrap elementor-element-populated\">\n\t\t\t\t\t\t<div class=\"elementor-element elementor-element-e107a90 elementor-widget elementor-widget-MML Breadcrumbs\" data-id=\"e107a90\" data-element_type=\"widget\" data-e-type=\"widget\" data-settings=\"{&quot;breadcrumbs_type&quot;:&quot;post_type&quot;}\" data-widget_type=\"MML Breadcrumbs.default\">\n\t\t\t\t<div class=\"elementor-widget-container\">\n\t\t\t\t\t<ul class=\"pp-breadcrumbs pp-breadcrumbs-powerpack\">        <li class=\"pp-breadcrumbs-item pp-breadcrumbs-item-home\">\n            <a class=\"pp-breadcrumbs-crumb pp-breadcrumbs-crumb-link pp-breadcrumbs-crumb-home\" href=\"https:\/\/www.minejxsc.com\/fr\" title=\"Home\">\n\t\t\t\t<span class=\"pp-breadcrumbs-text\">\n\t\t\t\t\t                    Home\t\t\t\t<\/span>\n            <\/a>\n        <\/li>\n        <li class=\"pp-breadcrumbs-separator\">                <span class='pp-separator-icon pp-icon'>\n\t\t\t\t\t<svg aria-hidden=\"true\" class=\"e-font-icon-svg e-fas-angle-right\" viewBox=\"0 0 256 512\" xmlns=\"http:\/\/www.w3.org\/2000\/svg\"><path d=\"M224.3 273l-136 136c-9.4 9.4-24.6 9.4-33.9 0l-22.6-22.6c-9.4-9.4-9.4-24.6 0-33.9l96.4-96.4-96.4-96.4c-9.4-9.4-9.4-24.6 0-33.9L54.3 103c9.4-9.4 24.6-9.4 33.9 0l136 136c9.5 9.4 9.5 24.6.1 34z\"><\/path><\/svg>\t\t\t\t<\/span>\n                <\/li><\/ul>\t\t\t\t<\/div>\n\t\t\t\t<\/div>\n\t\t\t\t\t<\/div>\n\t\t<\/div>\n\t\t\t\t\t<\/div>\n\t\t<\/section>\n\t\t\t\t<section class=\"elementor-section elementor-top-section elementor-element elementor-element-eae3cca elementor-section-boxed elementor-section-height-default elementor-section-height-default\" data-id=\"eae3cca\" data-element_type=\"section\" data-e-type=\"section\" data-settings=\"{&quot;_ha_eqh_enable&quot;:false}\">\n\t\t\t\t\t\t<div class=\"elementor-container elementor-column-gap-default\">\n\t\t\t\t\t<div class=\"elementor-column elementor-col-100 elementor-top-column elementor-element elementor-element-5b4a680\" data-id=\"5b4a680\" data-element_type=\"column\" data-e-type=\"column\">\n\t\t\t<div class=\"elementor-widget-wrap elementor-element-populated\">\n\t\t\t\t\t\t<div class=\"elementor-element elementor-element-45f8782 elementor-widget elementor-widget-shortcode\" data-id=\"45f8782\" data-element_type=\"widget\" data-e-type=\"widget\" data-widget_type=\"shortcode.default\">\n\t\t\t\t<div class=\"elementor-widget-container\">\n\t\t\t\t\t\t\t<div class=\"elementor-shortcode\">\n<div class=\"product-section\">\n    <div class=\"product-search\">\n        <h2>we provice you with<\/h2>\n        <form>\n            <input type=\"text\" placeholder=\"Search for your location, ore or processing capability...\">\n            <button id=\"product-search-btn\"><i class=\"fas fa-search\"><\/i><\/button>\n        <\/form>\n    <\/div>\n    <div class=\"product-categories\">\n        <div class=\"filter-wrap\">\n            <div class=\"filter-list\">\n                <div class=\"location filter-container\">\n                    <div class=\"filter\">\n                        <div term-id=\"\" class=\"current-filter-item filter-item\" data-status=0 data-value=\"ALL Locations\">ALL Locations<\/div>\n                        <div class=\"others-filter-list\">\n                            <div class=\"others-filter-item filter-item\" term-id=\"\">ALL Locations<\/div>\n                                                            <div class=\"others-filter-item filter-item\" term-id=\"africa\">Africa<\/div>\n                                                            <div class=\"others-filter-item filter-item\" term-id=\"asia\">Asia<\/div>\n                                                            <div class=\"others-filter-item filter-item\" term-id=\"europe\">Europe<\/div>\n                                                    <\/div>\n                    <\/div>\n                <\/div>\n                <div class=\"ores filter-container\">\n                    <div class=\"filter\">\n                        <div term-id=\"\" class=\"current-filter-item filter-item\" data-status=0 data-value=\"ALL Ores\">ALL Ores<\/div>\n                        <div class=\"others-filter-list\">\n                            <div class=\"others-filter-item filter-item\" term-id=\"\">ALL Ores<\/div>\n                                                            <div class=\"others-filter-item filter-item\" term-id=\"chrome\">Chrome<\/div>\n                                                            <div class=\"others-filter-item filter-item\" term-id=\"coltan\">Coltan<\/div>\n                                                            <div class=\"others-filter-item filter-item\" term-id=\"copper\">Copper<\/div>\n                                                            <div class=\"others-filter-item filter-item\" term-id=\"diamond\">Diamond<\/div>\n                                                            <div class=\"others-filter-item filter-item\" term-id=\"gold\">Gold<\/div>\n                                                            <div class=\"others-filter-item filter-item\" term-id=\"granite\">Granite<\/div>\n                                                            <div class=\"others-filter-item filter-item\" term-id=\"iron\">Iron<\/div>\n                                                            <div class=\"others-filter-item filter-item\" term-id=\"lead-zinc\">Lead-zinc<\/div>\n                                                            <div class=\"others-filter-item filter-item\" term-id=\"manganese\">Manganese<\/div>\n                                                            <div class=\"others-filter-item filter-item\" term-id=\"tin\">Tin<\/div>\n                                                            <div class=\"others-filter-item filter-item\" term-id=\"tungsten\">Tungsten<\/div>\n                                                    <\/div>\n                    <\/div>\n                <\/div>\n            <\/div>\n            <div class=\"filter-btn-wrap\">\n<!--                <div class=\"filter-btn\" id=\"enter-filter\">filter<\/div>-->\n                <div class=\"filter-btn\" id=\"clear-filter\"><i class=\"fas fa-trash-alt\"><\/i>Clear<\/div>\n            <\/div>\n        <\/div>\n        <div class=\"product-wrap\">\n            <div class=\"product-list\">\n                <div style=\"display: none\" class=\"product-item\">\n                    <a href=\"#\">\n                        <div class=\"front\" style=\"background-image: url('\/wp-content\/uploads\/2022\/10\/banner03.jpg')\">\n                            <h3>Roll Crushers<\/h3>\n                        <\/div>\n                        <div class=\"back\">\n                            <p class=\"product-desc\">Zambia 10TPH Rock Tin Ore Process Plant Minerals:Rock Tin Ore\n                                Capacity: 10 TPH Process:The Tin Ore Mining Process Flow Is Crushing -Screening-Grinding\n                                -Concentration.<\/p>\n                            <div class=\"more-details-btn\">View Project<\/div>\n                        <\/div>\n                    <\/a>\n                <\/div>\n            <\/div>\n            <div class=\"pagination\">\n\n            <\/div>\n        <\/div>\n    <\/div>\n<\/div>\n\n<script>\n    var $ = jQuery;\n    var term_id = '';\n\n    function get_products(page = 1) {\n        var location = $('.location .current-filter-item').attr('term-id');\n        var ores = $('.ores .current-filter-item').attr('term-id');\n        var kw = $('.product-search input').val();\n        $.ajax({\n            url: \"\/wp-admin\/admin-ajax.php\",\n            dataType: 'json',\n            type: 'post',\n            data: {\n                'location': location,\n                'ores': ores,\n                'action': 'products_list',\n                'page': page,\n                'kw': kw\n                \/\/ 'per_page':per_page\n            },\n            success: function (data) {\n                var html = '';\n                if (data.data.length > 0) {\n                    var arr = data.data;\n                    for (var i = 0; i < data.data.length; i++) {\n                        \/\/ ${arr[i].jump_url}\n                        html += `<div class=\"product-item\">\n                    <a href=\"${arr[i].jump_url}\">\n                        <div class=\"front\" style=\"background-image: url('${arr[i].img}')\">\n                            <h3>${arr[i].name}<\/h3>\n                        <\/div>\n                        <div class=\"back\">\n                            <p class=\"product-desc\">${arr[i].desc}<\/p>\n                            <div class=\"more-details-btn\">View Project<\/div>\n                        <\/div>\n                    <\/a>\n                <\/div>\n`\n                    }\n                }\n                $('.product-list').html(html)\n                \/\/ $('.content mml-shopcart-items').html(html)\n\n                if (data.page_num == 1 || data.page_num == 0) {\n                    $('.pagination').html('');\n                } else {\n                    $('.pagination').mmlpage(data.page, data.page_num, {\n                        prev: '\u00ab Previous',\n                        next: 'Next \u00bb',\n                        pageClass: 'page',\n                        activeClass: 'active',\n                        \/\/ href: '?page='\n                        click: function (page) {\n                            get_products(page);\n                        }\n                    });\n                }\n                jQuery(\"a.vp-a\").YouTubePopUp();\n\n                $('.loading').hide();\n            },\n        });\n\n    }\n\n    $(document).ready(function () {\n        $('.others-filter-item').on('click', function () {\n            $(this).parent().siblings('.current-filter-item').attr('term-id',$(this).attr('term-id'))\n            get_products()\n        })\n        $('#product-search-btn').on('click', function () {\n            get_products()\n        })\n        $('.filter-btn').on('click', function () {\n            $('.current-filter-item').attr('term-id','')\n            $('.product-search input').val(\"\")\n            get_products()\n\n        })\n        $('.product-search input').keypress(function(event){\n            var keycode = (event.keyCode ? event.keyCode : event.which);\n            if(keycode == '13'){\n                \/\/ get_products()\n\n            }\n        });\n        get_products()\n    })\n<\/script>\n<\/div>\n\t\t\t\t\t\t<\/div>\n\t\t\t\t<\/div>\n\t\t\t\t\t<\/div>\n\t\t<\/div>\n\t\t\t\t\t<\/div>\n\t\t<\/section>\n\t\t\t\t<\/div>\n\t\t","protected":false},"excerpt":{"rendered":"<p>Projets D\u00e9couvrez comment nous pouvons faire la diff\u00e9rence dans votre exploitation mini\u00e8re en parcourant nos anciens projets mondiaux ci-dessous. Utilisez notre filtre de recherche innovant pour trouver des \u00e9quipements pour des applications mini\u00e8res sp\u00e9cifiques. Accueil<\/p>","protected":false},"author":8,"featured_media":0,"parent":0,"menu_order":0,"comment_status":"closed","ping_status":"closed","template":"elementor_header_footer","meta":{"_acf_changed":false,"footnotes":""},"class_list":["post-54","page","type-page","status-publish","hentry"],"acf":[],"yoast_head":"<!-- This site is optimized with the Yoast SEO plugin v27.5 - https:\/\/yoast.com\/product\/yoast-seo-wordpress\/ -->\n<title>Projects - JXSC<\/title>\n<meta name=\"description\" content=\"See how we made a difference to various businesses around the globe through our project gallery. Click the link to learn more.\" \/>\n<meta name=\"robots\" content=\"index, follow, max-snippet:-1, max-image-preview:large, max-video-preview:-1\" \/>\n<link rel=\"canonical\" href=\"https:\/\/www.minejxsc.com\/fr\/projects\/\" \/>\n<meta property=\"og:locale\" content=\"fr_FR\" \/>\n<meta property=\"og:type\" content=\"article\" \/>\n<meta property=\"og:title\" content=\"Projects - JXSC\" \/>\n<meta property=\"og:description\" content=\"See how we made a difference to various businesses around the globe through our project gallery. Click the link to learn more.\" \/>\n<meta property=\"og:url\" content=\"https:\/\/www.minejxsc.com\/fr\/projects\/\" \/>\n<meta property=\"og:site_name\" content=\"JXSC\" \/>\n<meta property=\"article:modified_time\" content=\"2022-12-20T11:16:53+00:00\" \/>\n<meta name=\"twitter:card\" content=\"summary_large_image\" \/>\n<meta name=\"twitter:label1\" content=\"Dur\u00e9e de lecture estim\u00e9e\" \/>\n\t<meta name=\"twitter:data1\" content=\"2 minutes\" \/>\n<script type=\"application\/ld+json\" class=\"yoast-schema-graph\">{\"@context\":\"https:\\\/\\\/schema.org\",\"@graph\":[{\"@type\":\"WebPage\",\"@id\":\"https:\\\/\\\/www.minejxsc.com\\\/projects\\\/\",\"url\":\"https:\\\/\\\/www.minejxsc.com\\\/projects\\\/\",\"name\":\"Projects - JXSC\",\"isPartOf\":{\"@id\":\"https:\\\/\\\/www.minejxsc.com\\\/#website\"},\"datePublished\":\"2022-10-11T03:16:28+00:00\",\"dateModified\":\"2022-12-20T11:16:53+00:00\",\"description\":\"See how we made a difference to various businesses around the globe through our project gallery. Click the link to learn more.\",\"breadcrumb\":{\"@id\":\"https:\\\/\\\/www.minejxsc.com\\\/projects\\\/#breadcrumb\"},\"inLanguage\":\"fr-FR\",\"potentialAction\":[{\"@type\":\"ReadAction\",\"target\":[\"https:\\\/\\\/www.minejxsc.com\\\/projects\\\/\"]}]},{\"@type\":\"BreadcrumbList\",\"@id\":\"https:\\\/\\\/www.minejxsc.com\\\/projects\\\/#breadcrumb\",\"itemListElement\":[{\"@type\":\"ListItem\",\"position\":1,\"name\":\"Home\",\"item\":\"https:\\\/\\\/www.minejxsc.com\\\/\"},{\"@type\":\"ListItem\",\"position\":2,\"name\":\"Projects\"}]},{\"@type\":\"WebSite\",\"@id\":\"https:\\\/\\\/www.minejxsc.com\\\/#website\",\"url\":\"https:\\\/\\\/www.minejxsc.com\\\/\",\"name\":\"JXSC\",\"description\":\"\",\"publisher\":{\"@id\":\"https:\\\/\\\/www.minejxsc.com\\\/#organization\"},\"potentialAction\":[{\"@type\":\"SearchAction\",\"target\":{\"@type\":\"EntryPoint\",\"urlTemplate\":\"https:\\\/\\\/www.minejxsc.com\\\/?s={search_term_string}\"},\"query-input\":{\"@type\":\"PropertyValueSpecification\",\"valueRequired\":true,\"valueName\":\"search_term_string\"}}],\"inLanguage\":\"fr-FR\"},{\"@type\":\"Organization\",\"@id\":\"https:\\\/\\\/www.minejxsc.com\\\/#organization\",\"name\":\"JXSC\",\"url\":\"https:\\\/\\\/www.minejxsc.com\\\/\",\"logo\":{\"@type\":\"ImageObject\",\"inLanguage\":\"fr-FR\",\"@id\":\"https:\\\/\\\/www.minejxsc.com\\\/#\\\/schema\\\/logo\\\/image\\\/\",\"url\":\"https:\\\/\\\/www.minejxsc.com\\\/wp-content\\\/uploads\\\/2022\\\/10\\\/JXSC-LOGO-light.png\",\"contentUrl\":\"https:\\\/\\\/www.minejxsc.com\\\/wp-content\\\/uploads\\\/2022\\\/10\\\/JXSC-LOGO-light.png\",\"width\":210,\"height\":50,\"caption\":\"JXSC\"},\"image\":{\"@id\":\"https:\\\/\\\/www.minejxsc.com\\\/#\\\/schema\\\/logo\\\/image\\\/\"}}]}<\/script>\n<!-- \/ Yoast SEO plugin. -->","yoast_head_json":{"title":"Projets - JXSC","description":"D\u00e9couvrez comment nous avons fait la diff\u00e9rence pour diverses entreprises dans le monde entier gr\u00e2ce \u00e0 notre galerie de projets. Cliquez sur le lien pour en savoir plus.","robots":{"index":"index","follow":"follow","max-snippet":"max-snippet:-1","max-image-preview":"max-image-preview:large","max-video-preview":"max-video-preview:-1"},"canonical":"https:\/\/www.minejxsc.com\/fr\/projects\/","og_locale":"fr_FR","og_type":"article","og_title":"Projects - JXSC","og_description":"See how we made a difference to various businesses around the globe through our project gallery. Click the link to learn more.","og_url":"https:\/\/www.minejxsc.com\/fr\/projects\/","og_site_name":"JXSC","article_modified_time":"2022-12-20T11:16:53+00:00","twitter_card":"summary_large_image","twitter_misc":{"Dur\u00e9e de lecture estim\u00e9e":"2 minutes"},"schema":{"@context":"https:\/\/schema.org","@graph":[{"@type":"WebPage","@id":"https:\/\/www.minejxsc.com\/projects\/","url":"https:\/\/www.minejxsc.com\/projects\/","name":"Projets - JXSC","isPartOf":{"@id":"https:\/\/www.minejxsc.com\/#website"},"datePublished":"2022-10-11T03:16:28+00:00","dateModified":"2022-12-20T11:16:53+00:00","description":"D\u00e9couvrez comment nous avons fait la diff\u00e9rence pour diverses entreprises dans le monde entier gr\u00e2ce \u00e0 notre galerie de projets. Cliquez sur le lien pour en savoir plus.","breadcrumb":{"@id":"https:\/\/www.minejxsc.com\/projects\/#breadcrumb"},"inLanguage":"fr-FR","potentialAction":[{"@type":"ReadAction","target":["https:\/\/www.minejxsc.com\/projects\/"]}]},{"@type":"BreadcrumbList","@id":"https:\/\/www.minejxsc.com\/projects\/#breadcrumb","itemListElement":[{"@type":"ListItem","position":1,"name":"Home","item":"https:\/\/www.minejxsc.com\/"},{"@type":"ListItem","position":2,"name":"Projects"}]},{"@type":"WebSite","@id":"https:\/\/www.minejxsc.com\/#website","url":"https:\/\/www.minejxsc.com\/","name":"JXSC","description":"","publisher":{"@id":"https:\/\/www.minejxsc.com\/#organization"},"potentialAction":[{"@type":"SearchAction","target":{"@type":"EntryPoint","urlTemplate":"https:\/\/www.minejxsc.com\/?s={search_term_string}"},"query-input":{"@type":"PropertyValueSpecification","valueRequired":true,"valueName":"search_term_string"}}],"inLanguage":"fr-FR"},{"@type":"Organization","@id":"https:\/\/www.minejxsc.com\/#organization","name":"JXSC","url":"https:\/\/www.minejxsc.com\/","logo":{"@type":"ImageObject","inLanguage":"fr-FR","@id":"https:\/\/www.minejxsc.com\/#\/schema\/logo\/image\/","url":"https:\/\/www.minejxsc.com\/wp-content\/uploads\/2022\/10\/JXSC-LOGO-light.png","contentUrl":"https:\/\/www.minejxsc.com\/wp-content\/uploads\/2022\/10\/JXSC-LOGO-light.png","width":210,"height":50,"caption":"JXSC"},"image":{"@id":"https:\/\/www.minejxsc.com\/#\/schema\/logo\/image\/"}}]}},"_links":{"self":[{"href":"https:\/\/www.minejxsc.com\/fr\/wp-json\/wp\/v2\/pages\/54","targetHints":{"allow":["GET"]}}],"collection":[{"href":"https:\/\/www.minejxsc.com\/fr\/wp-json\/wp\/v2\/pages"}],"about":[{"href":"https:\/\/www.minejxsc.com\/fr\/wp-json\/wp\/v2\/types\/page"}],"author":[{"embeddable":true,"href":"https:\/\/www.minejxsc.com\/fr\/wp-json\/wp\/v2\/users\/8"}],"replies":[{"embeddable":true,"href":"https:\/\/www.minejxsc.com\/fr\/wp-json\/wp\/v2\/comments?post=54"}],"version-history":[{"count":0,"href":"https:\/\/www.minejxsc.com\/fr\/wp-json\/wp\/v2\/pages\/54\/revisions"}],"wp:attachment":[{"href":"https:\/\/www.minejxsc.com\/fr\/wp-json\/wp\/v2\/media?parent=54"}],"curies":[{"name":"wp","href":"https:\/\/api.w.org\/{rel}","templated":true}]}}